{"id":1896,"date":"2020-02-13T12:56:36","date_gmt":"2020-02-13T11:56:36","guid":{"rendered":"http:\/\/hombach-2020.flow4.one\/kontakt\/"},"modified":"2024-03-04T10:28:34","modified_gmt":"2024-03-04T09:28:34","slug":"contact","status":"publish","type":"page","link":"https:\/\/www.hombach-kunststofftechnik.de\/en\/contact\/","title":{"rendered":"Contact"},"content":{"rendered":"\r\n<h3 class=\"wp-block-heading\">Wir sind f\u00fcr Sie da! Sprechen Sie uns einfach an,<br \/>wir k\u00fcmmern uns um Ihr Anliegen.<\/h3>\r\n\r\n\r\n\r\n<p>Ernst Hombach GmbH &amp; Co. KG<br \/>Veit-vom-Berg-Str. 24<br \/>D \u2013 91486 Uehlfeld<\/p>\r\n\r\n\r\n\r\n<p>Tel. +49 (0)9163 \/ 9983-0<br \/>Fax +49 (0)9163 \/ 9983-83<\/p>\r\n\r\n\r\n\r\n<p><a href=\"http:\/\/www.hombach-kunststofftechnik.de\" target=\"_blank\" rel=\"noreferrer noopener\" aria-label=\"www.hombach-kunststofftechnik.de (opens in a new tab)\">www.hombach-kunststofftechnik.de<\/a><br \/><a href=\"mailto:info@hombach-kunststofftechnik.de\">info@hombach-kunststofftechnik.de<\/a><\/p>\r\n\r\n\r\n\r\n<p style=\"font-size: 10px;\"><strong>Pflichtinformationen gem\u00e4\u00df Artikel 13 DSGVO <\/strong><br \/>Im Falle des Erstkontakts sind wir gem\u00e4\u00df Art. 12, 13 DSGVO verpflichtet, Ihnen folgende datenschutzrechtliche Pflichtinformationen zur Verf\u00fcgung zu stellen: Wenn Sie uns per E-Mail kontaktieren, verarbeiten wir Ihre personenbezogenen Daten nur, soweit an der Verarbeitung ein berechtigtes Interesse besteht (Art. 6 Abs. 1 lit. f DSGVO), Sie in die Datenverarbeitung eingewilligt haben (Art. 6 Abs. 1 lit. a DSGVO), die Verarbeitung f\u00fcr die Anbahnung, Begr\u00fcndung, inhaltliche Ausgestaltung oder \u00c4nderung eines Rechtsverh\u00e4ltnisses zwischen Ihnen und uns erforderlich sind (Art. 6 Abs. 1 lit. b DSGVO) oder eine sonstige Rechtsnorm die Verarbeitung gestattet. Ihre personenbezogenen Daten verbleiben bei uns, bis Sie uns zur L\u00f6schung auffordern, Ihre Einwilligung zur Speicherung widerrufen oder der Zweck f\u00fcr die Datenspeicherung entf\u00e4llt (z. B. nach abgeschlossener Bearbeitung Ihres Anliegens). Zwingende gesetzliche Bestimmungen \u2013 insbesondere steuer- und handelsrechtliche Aufbewahrungsfristen \u2013 bleiben unber\u00fchrt. Sie haben jederzeit das Recht, unentgeltlich Auskunft \u00fcber Herkunft, Empf\u00e4nger und Zweck Ihrer gespeicherten personenbezogenen Daten zu erhalten. Ihnen steht au\u00dferdem ein Recht auf Widerspruch, auf Daten\u00fcbertragbarkeit und ein Beschwerderecht bei der zust\u00e4ndigen Aufsichtsbeh\u00f6rde zu. Ferner k\u00f6nnen Sie die Berichtigung, die L\u00f6schung und unter bestimmten Umst\u00e4nden die Einschr\u00e4nkung der Verarbeitung Ihrer personenbezogenen Daten verlangen. Details entnehmen Sie unserer <a href=\"https:\/\/www.hombach-kunststofftechnik.de\/GrundsaetzeDerDatenverarbeitung.pdf\">Datenschutzerkl\u00e4rung<\/a>.<br \/>Unseren Datenschutzbeauftragten erreichen Sie unter <a href=\"mailto:datenschutz@ifs-infoweb.de\">datenschutz@ifs-infoweb.de<\/a>.<\/p>\r\n","protected":false},"excerpt":{"rendered":"<p>Wir sind f\u00fcr Sie da! Sprechen Sie uns einfach an,wir k\u00fcmmern uns um Ihr Anliegen. Ernst Hombach GmbH &amp; Co. KGVeit-vom-Berg-Str. 24D \u2013 91486 Uehlfeld Tel. +49 (0)9163 \/ 9983-0Fax +49 (0)9163 \/ 9983-83 www.hombach-kunststofftechnik.deinfo@hombach-kunststofftechnik.de Pflichtinformationen gem\u00e4\u00df Artikel 13 DSGVO Im Falle des Erstkontakts sind wir gem\u00e4\u00df Art. 12, 13 DSGVO verpflichtet, Ihnen folgende datenschutzrechtliche [&hellip;]<\/p>\n","protected":false},"author":1,"featured_media":0,"parent":0,"menu_order":24,"comment_status":"closed","ping_status":"closed","template":"layout-builder.php","meta":{"footnotes":""},"class_list":["post-1896","page","type-page","status-publish","hentry"],"yoast_head":"<!-- This site is optimized with the Yoast SEO Premium plugin v26.0 (Yoast SEO v26.0) - https:\/\/yoast.com\/wordpress\/plugins\/seo\/ -->\n<title>Contact - Hombach-Kunststofftechnik<\/title>\n<meta name=\"robots\" content=\"index, follow, max-snippet:-1, max-image-preview:large, max-video-preview:-1\" \/>\n<link rel=\"canonical\" href=\"https:\/\/www.hombach-kunststofftechnik.de\/en\/contact\/\" \/>\n<meta property=\"og:locale\" content=\"en_US\" \/>\n<meta property=\"og:type\" content=\"article\" \/>\n<meta property=\"og:title\" content=\"Contact\" \/>\n<meta property=\"og:description\" content=\"Wir sind f\u00fcr Sie da! Sprechen Sie uns einfach an,wir k\u00fcmmern uns um Ihr Anliegen. Ernst Hombach GmbH &amp; Co. KGVeit-vom-Berg-Str. 24D \u2013 91486 Uehlfeld Tel. +49 (0)9163 \/ 9983-0Fax +49 (0)9163 \/ 9983-83 www.hombach-kunststofftechnik.deinfo@hombach-kunststofftechnik.de Pflichtinformationen gem\u00e4\u00df Artikel 13 DSGVO Im Falle des Erstkontakts sind wir gem\u00e4\u00df Art. 12, 13 DSGVO verpflichtet, Ihnen folgende datenschutzrechtliche [&hellip;]\" \/>\n<meta property=\"og:url\" content=\"https:\/\/www.hombach-kunststofftechnik.de\/en\/contact\/\" \/>\n<meta property=\"og:site_name\" content=\"Hombach-Kunststofftechnik\" \/>\n<meta property=\"article:modified_time\" content=\"2024-03-04T09:28:34+00:00\" \/>\n<meta name=\"twitter:card\" content=\"summary_large_image\" \/>\n<meta name=\"twitter:label1\" content=\"Est. reading time\" \/>\n\t<meta name=\"twitter:data1\" content=\"2 minutes\" \/>\n<script type=\"application\/ld+json\" class=\"yoast-schema-graph\">{\"@context\":\"https:\/\/schema.org\",\"@graph\":[{\"@type\":\"WebPage\",\"@id\":\"https:\/\/www.hombach-kunststofftechnik.de\/en\/contact\/\",\"url\":\"https:\/\/www.hombach-kunststofftechnik.de\/en\/contact\/\",\"name\":\"Contact - Hombach-Kunststofftechnik\",\"isPartOf\":{\"@id\":\"https:\/\/www.hombach-kunststofftechnik.de\/en\/#website\"},\"datePublished\":\"2020-02-13T11:56:36+00:00\",\"dateModified\":\"2024-03-04T09:28:34+00:00\",\"breadcrumb\":{\"@id\":\"https:\/\/www.hombach-kunststofftechnik.de\/en\/contact\/#breadcrumb\"},\"inLanguage\":\"en-US\",\"potentialAction\":[{\"@type\":\"ReadAction\",\"target\":[\"https:\/\/www.hombach-kunststofftechnik.de\/en\/contact\/\"]}]},{\"@type\":\"BreadcrumbList\",\"@id\":\"https:\/\/www.hombach-kunststofftechnik.de\/en\/contact\/#breadcrumb\",\"itemListElement\":[{\"@type\":\"ListItem\",\"position\":1,\"name\":\"Startseite\",\"item\":\"https:\/\/www.hombach-kunststofftechnik.de\/en\/\"},{\"@type\":\"ListItem\",\"position\":2,\"name\":\"Contact\"}]},{\"@type\":\"WebSite\",\"@id\":\"https:\/\/www.hombach-kunststofftechnik.de\/en\/#website\",\"url\":\"https:\/\/www.hombach-kunststofftechnik.de\/en\/\",\"name\":\"Hombach-Kunststofftechnik\",\"description\":\"Ernst Hombach GmbH &amp; Co.KG - We perform different\",\"publisher\":{\"@id\":\"https:\/\/www.hombach-kunststofftechnik.de\/en\/#organization\"},\"potentialAction\":[{\"@type\":\"SearchAction\",\"target\":{\"@type\":\"EntryPoint\",\"urlTemplate\":\"https:\/\/www.hombach-kunststofftechnik.de\/en\/?s={search_term_string}\"},\"query-input\":{\"@type\":\"PropertyValueSpecification\",\"valueRequired\":true,\"valueName\":\"search_term_string\"}}],\"inLanguage\":\"en-US\"},{\"@type\":\"Organization\",\"@id\":\"https:\/\/www.hombach-kunststofftechnik.de\/en\/#organization\",\"name\":\"Ernst Hombach GmbH & Co.KG\",\"url\":\"https:\/\/www.hombach-kunststofftechnik.de\/en\/\",\"logo\":{\"@type\":\"ImageObject\",\"inLanguage\":\"en-US\",\"@id\":\"https:\/\/www.hombach-kunststofftechnik.de\/en\/#\/schema\/logo\/image\/\",\"url\":\"https:\/\/www.hombach-kunststofftechnik.de\/wp-content\/uploads\/Hombach_Logo_durchsichtig.svg\",\"contentUrl\":\"https:\/\/www.hombach-kunststofftechnik.de\/wp-content\/uploads\/Hombach_Logo_durchsichtig.svg\",\"width\":100,\"height\":100,\"caption\":\"Ernst Hombach GmbH & Co.KG\"},\"image\":{\"@id\":\"https:\/\/www.hombach-kunststofftechnik.de\/en\/#\/schema\/logo\/image\/\"}}]}<\/script>\n<!-- \/ Yoast SEO Premium plugin. -->","yoast_head_json":{"title":"Contact - Hombach-Kunststofftechnik","robots":{"index":"index","follow":"follow","max-snippet":"max-snippet:-1","max-image-preview":"max-image-preview:large","max-video-preview":"max-video-preview:-1"},"canonical":"https:\/\/www.hombach-kunststofftechnik.de\/en\/contact\/","og_locale":"en_US","og_type":"article","og_title":"Contact","og_description":"Wir sind f\u00fcr Sie da! Sprechen Sie uns einfach an,wir k\u00fcmmern uns um Ihr Anliegen. Ernst Hombach GmbH &amp; Co. KGVeit-vom-Berg-Str. 24D \u2013 91486 Uehlfeld Tel. +49 (0)9163 \/ 9983-0Fax +49 (0)9163 \/ 9983-83 www.hombach-kunststofftechnik.deinfo@hombach-kunststofftechnik.de Pflichtinformationen gem\u00e4\u00df Artikel 13 DSGVO Im Falle des Erstkontakts sind wir gem\u00e4\u00df Art. 12, 13 DSGVO verpflichtet, Ihnen folgende datenschutzrechtliche [&hellip;]","og_url":"https:\/\/www.hombach-kunststofftechnik.de\/en\/contact\/","og_site_name":"Hombach-Kunststofftechnik","article_modified_time":"2024-03-04T09:28:34+00:00","twitter_card":"summary_large_image","twitter_misc":{"Est. reading time":"2 minutes"},"schema":{"@context":"https:\/\/schema.org","@graph":[{"@type":"WebPage","@id":"https:\/\/www.hombach-kunststofftechnik.de\/en\/contact\/","url":"https:\/\/www.hombach-kunststofftechnik.de\/en\/contact\/","name":"Contact - Hombach-Kunststofftechnik","isPartOf":{"@id":"https:\/\/www.hombach-kunststofftechnik.de\/en\/#website"},"datePublished":"2020-02-13T11:56:36+00:00","dateModified":"2024-03-04T09:28:34+00:00","breadcrumb":{"@id":"https:\/\/www.hombach-kunststofftechnik.de\/en\/contact\/#breadcrumb"},"inLanguage":"en-US","potentialAction":[{"@type":"ReadAction","target":["https:\/\/www.hombach-kunststofftechnik.de\/en\/contact\/"]}]},{"@type":"BreadcrumbList","@id":"https:\/\/www.hombach-kunststofftechnik.de\/en\/contact\/#breadcrumb","itemListElement":[{"@type":"ListItem","position":1,"name":"Startseite","item":"https:\/\/www.hombach-kunststofftechnik.de\/en\/"},{"@type":"ListItem","position":2,"name":"Contact"}]},{"@type":"WebSite","@id":"https:\/\/www.hombach-kunststofftechnik.de\/en\/#website","url":"https:\/\/www.hombach-kunststofftechnik.de\/en\/","name":"Hombach-Kunststofftechnik","description":"Ernst Hombach GmbH &amp; Co.KG - We perform different","publisher":{"@id":"https:\/\/www.hombach-kunststofftechnik.de\/en\/#organization"},"potentialAction":[{"@type":"SearchAction","target":{"@type":"EntryPoint","urlTemplate":"https:\/\/www.hombach-kunststofftechnik.de\/en\/?s={search_term_string}"},"query-input":{"@type":"PropertyValueSpecification","valueRequired":true,"valueName":"search_term_string"}}],"inLanguage":"en-US"},{"@type":"Organization","@id":"https:\/\/www.hombach-kunststofftechnik.de\/en\/#organization","name":"Ernst Hombach GmbH & Co.KG","url":"https:\/\/www.hombach-kunststofftechnik.de\/en\/","logo":{"@type":"ImageObject","inLanguage":"en-US","@id":"https:\/\/www.hombach-kunststofftechnik.de\/en\/#\/schema\/logo\/image\/","url":"https:\/\/www.hombach-kunststofftechnik.de\/wp-content\/uploads\/Hombach_Logo_durchsichtig.svg","contentUrl":"https:\/\/www.hombach-kunststofftechnik.de\/wp-content\/uploads\/Hombach_Logo_durchsichtig.svg","width":100,"height":100,"caption":"Ernst Hombach GmbH & Co.KG"},"image":{"@id":"https:\/\/www.hombach-kunststofftechnik.de\/en\/#\/schema\/logo\/image\/"}}]}},"acf":[],"_links":{"self":[{"href":"https:\/\/www.hombach-kunststofftechnik.de\/en\/wp-json\/wp\/v2\/pages\/1896","targetHints":{"allow":["GET"]}}],"collection":[{"href":"https:\/\/www.hombach-kunststofftechnik.de\/en\/wp-json\/wp\/v2\/pages"}],"about":[{"href":"https:\/\/www.hombach-kunststofftechnik.de\/en\/wp-json\/wp\/v2\/types\/page"}],"author":[{"embeddable":true,"href":"https:\/\/www.hombach-kunststofftechnik.de\/en\/wp-json\/wp\/v2\/users\/1"}],"replies":[{"embeddable":true,"href":"https:\/\/www.hombach-kunststofftechnik.de\/en\/wp-json\/wp\/v2\/comments?post=1896"}],"version-history":[{"count":3,"href":"https:\/\/www.hombach-kunststofftechnik.de\/en\/wp-json\/wp\/v2\/pages\/1896\/revisions"}],"predecessor-version":[{"id":12400,"href":"https:\/\/www.hombach-kunststofftechnik.de\/en\/wp-json\/wp\/v2\/pages\/1896\/revisions\/12400"}],"wp:attachment":[{"href":"https:\/\/www.hombach-kunststofftechnik.de\/en\/wp-json\/wp\/v2\/media?parent=1896"}],"curies":[{"name":"wp","href":"https:\/\/api.w.org\/{rel}","templated":true}]}}