{"id":8293,"date":"2020-06-03T10:32:55","date_gmt":"2020-06-03T08:32:55","guid":{"rendered":"http:\/\/hombach-2020.flow4.one\/services\/design\/"},"modified":"2022-01-25T10:08:03","modified_gmt":"2022-01-25T09:08:03","slug":"design","status":"publish","type":"page","link":"https:\/\/www.hombach-kunststofftechnik.de\/en\/services\/design\/","title":{"rendered":"Design"},"content":{"rendered":"","protected":false},"excerpt":{"rendered":"<p>Hochwertiges Design von Investitionsg\u00fctern ist keine vereinzelte Randerscheinung mehr, sondern beweist t\u00e4glich von Neuem, dass die Leistung von Maschinen und Ger\u00e4ten und die damit zu erzielende Qualit\u00e4t in viel gr\u00f6\u00dferen Ma\u00dfe wahrgenommen wird, wenn das \u00c4u\u00dfere dies widerspiegelt.<\/p>\n","protected":false},"author":2,"featured_media":0,"parent":7966,"menu_order":3,"comment_status":"closed","ping_status":"closed","template":"layout-builder.php","meta":{"footnotes":""},"class_list":["post-8293","page","type-page","status-publish","hentry"],"yoast_head":"<!-- This site is optimized with the Yoast SEO Premium plugin v26.0 (Yoast SEO v26.0) - https:\/\/yoast.com\/wordpress\/plugins\/seo\/ -->\n<title>Industrial design in perfect realisation<\/title>\n<meta name=\"description\" content=\"Hombach Kunststofftechnik - High-quality design of investment goods realises high quality and modern industry design. Design reflecting qulity\" \/>\n<meta name=\"robots\" content=\"index, follow, max-snippet:-1, max-image-preview:large, max-video-preview:-1\" \/>\n<link rel=\"canonical\" href=\"https:\/\/www.hombach-kunststofftechnik.de\/en\/services\/design\/\" \/>\n<meta property=\"og:locale\" content=\"en_US\" \/>\n<meta property=\"og:type\" content=\"article\" \/>\n<meta property=\"og:title\" content=\"Design\" \/>\n<meta property=\"og:description\" content=\"Hombach Kunststofftechnik - High-quality design of investment goods realises high quality and modern industry design. Design reflecting qulity\" \/>\n<meta property=\"og:url\" content=\"https:\/\/www.hombach-kunststofftechnik.de\/en\/services\/design\/\" \/>\n<meta property=\"og:site_name\" content=\"Hombach-Kunststofftechnik\" \/>\n<meta property=\"article:modified_time\" content=\"2022-01-25T09:08:03+00:00\" \/>\n<meta name=\"twitter:card\" content=\"summary_large_image\" \/>\n<script type=\"application\/ld+json\" class=\"yoast-schema-graph\">{\"@context\":\"https:\/\/schema.org\",\"@graph\":[{\"@type\":\"WebPage\",\"@id\":\"https:\/\/www.hombach-kunststofftechnik.de\/en\/services\/design\/\",\"url\":\"https:\/\/www.hombach-kunststofftechnik.de\/en\/services\/design\/\",\"name\":\"Industrial design in perfect realisation\",\"isPartOf\":{\"@id\":\"https:\/\/www.hombach-kunststofftechnik.de\/en\/#website\"},\"datePublished\":\"2020-06-03T08:32:55+00:00\",\"dateModified\":\"2022-01-25T09:08:03+00:00\",\"description\":\"Hombach Kunststofftechnik - High-quality design of investment goods realises high quality and modern industry design. Design reflecting qulity\",\"breadcrumb\":{\"@id\":\"https:\/\/www.hombach-kunststofftechnik.de\/en\/services\/design\/#breadcrumb\"},\"inLanguage\":\"en-US\",\"potentialAction\":[{\"@type\":\"ReadAction\",\"target\":[\"https:\/\/www.hombach-kunststofftechnik.de\/en\/services\/design\/\"]}]},{\"@type\":\"BreadcrumbList\",\"@id\":\"https:\/\/www.hombach-kunststofftechnik.de\/en\/services\/design\/#breadcrumb\",\"itemListElement\":[{\"@type\":\"ListItem\",\"position\":1,\"name\":\"Startseite\",\"item\":\"https:\/\/www.hombach-kunststofftechnik.de\/en\/\"},{\"@type\":\"ListItem\",\"position\":2,\"name\":\"Services\",\"item\":\"https:\/\/www.hombach-kunststofftechnik.de\/en\/services\/\"},{\"@type\":\"ListItem\",\"position\":3,\"name\":\"Design\"}]},{\"@type\":\"WebSite\",\"@id\":\"https:\/\/www.hombach-kunststofftechnik.de\/en\/#website\",\"url\":\"https:\/\/www.hombach-kunststofftechnik.de\/en\/\",\"name\":\"Hombach-Kunststofftechnik\",\"description\":\"Ernst Hombach GmbH &amp; Co.KG - We perform different\",\"publisher\":{\"@id\":\"https:\/\/www.hombach-kunststofftechnik.de\/en\/#organization\"},\"potentialAction\":[{\"@type\":\"SearchAction\",\"target\":{\"@type\":\"EntryPoint\",\"urlTemplate\":\"https:\/\/www.hombach-kunststofftechnik.de\/en\/?s={search_term_string}\"},\"query-input\":{\"@type\":\"PropertyValueSpecification\",\"valueRequired\":true,\"valueName\":\"search_term_string\"}}],\"inLanguage\":\"en-US\"},{\"@type\":\"Organization\",\"@id\":\"https:\/\/www.hombach-kunststofftechnik.de\/en\/#organization\",\"name\":\"Ernst Hombach GmbH & Co.KG\",\"url\":\"https:\/\/www.hombach-kunststofftechnik.de\/en\/\",\"logo\":{\"@type\":\"ImageObject\",\"inLanguage\":\"en-US\",\"@id\":\"https:\/\/www.hombach-kunststofftechnik.de\/en\/#\/schema\/logo\/image\/\",\"url\":\"https:\/\/www.hombach-kunststofftechnik.de\/wp-content\/uploads\/Hombach_Logo_durchsichtig.svg\",\"contentUrl\":\"https:\/\/www.hombach-kunststofftechnik.de\/wp-content\/uploads\/Hombach_Logo_durchsichtig.svg\",\"width\":100,\"height\":100,\"caption\":\"Ernst Hombach GmbH & Co.KG\"},\"image\":{\"@id\":\"https:\/\/www.hombach-kunststofftechnik.de\/en\/#\/schema\/logo\/image\/\"}}]}<\/script>\n<!-- \/ Yoast SEO Premium plugin. -->","yoast_head_json":{"title":"Industrial design in perfect realisation","description":"Hombach Kunststofftechnik - High-quality design of investment goods realises high quality and modern industry design. Design reflecting qulity","robots":{"index":"index","follow":"follow","max-snippet":"max-snippet:-1","max-image-preview":"max-image-preview:large","max-video-preview":"max-video-preview:-1"},"canonical":"https:\/\/www.hombach-kunststofftechnik.de\/en\/services\/design\/","og_locale":"en_US","og_type":"article","og_title":"Design","og_description":"Hombach Kunststofftechnik - High-quality design of investment goods realises high quality and modern industry design. Design reflecting qulity","og_url":"https:\/\/www.hombach-kunststofftechnik.de\/en\/services\/design\/","og_site_name":"Hombach-Kunststofftechnik","article_modified_time":"2022-01-25T09:08:03+00:00","twitter_card":"summary_large_image","schema":{"@context":"https:\/\/schema.org","@graph":[{"@type":"WebPage","@id":"https:\/\/www.hombach-kunststofftechnik.de\/en\/services\/design\/","url":"https:\/\/www.hombach-kunststofftechnik.de\/en\/services\/design\/","name":"Industrial design in perfect realisation","isPartOf":{"@id":"https:\/\/www.hombach-kunststofftechnik.de\/en\/#website"},"datePublished":"2020-06-03T08:32:55+00:00","dateModified":"2022-01-25T09:08:03+00:00","description":"Hombach Kunststofftechnik - High-quality design of investment goods realises high quality and modern industry design. Design reflecting qulity","breadcrumb":{"@id":"https:\/\/www.hombach-kunststofftechnik.de\/en\/services\/design\/#breadcrumb"},"inLanguage":"en-US","potentialAction":[{"@type":"ReadAction","target":["https:\/\/www.hombach-kunststofftechnik.de\/en\/services\/design\/"]}]},{"@type":"BreadcrumbList","@id":"https:\/\/www.hombach-kunststofftechnik.de\/en\/services\/design\/#breadcrumb","itemListElement":[{"@type":"ListItem","position":1,"name":"Startseite","item":"https:\/\/www.hombach-kunststofftechnik.de\/en\/"},{"@type":"ListItem","position":2,"name":"Services","item":"https:\/\/www.hombach-kunststofftechnik.de\/en\/services\/"},{"@type":"ListItem","position":3,"name":"Design"}]},{"@type":"WebSite","@id":"https:\/\/www.hombach-kunststofftechnik.de\/en\/#website","url":"https:\/\/www.hombach-kunststofftechnik.de\/en\/","name":"Hombach-Kunststofftechnik","description":"Ernst Hombach GmbH &amp; Co.KG - We perform different","publisher":{"@id":"https:\/\/www.hombach-kunststofftechnik.de\/en\/#organization"},"potentialAction":[{"@type":"SearchAction","target":{"@type":"EntryPoint","urlTemplate":"https:\/\/www.hombach-kunststofftechnik.de\/en\/?s={search_term_string}"},"query-input":{"@type":"PropertyValueSpecification","valueRequired":true,"valueName":"search_term_string"}}],"inLanguage":"en-US"},{"@type":"Organization","@id":"https:\/\/www.hombach-kunststofftechnik.de\/en\/#organization","name":"Ernst Hombach GmbH & Co.KG","url":"https:\/\/www.hombach-kunststofftechnik.de\/en\/","logo":{"@type":"ImageObject","inLanguage":"en-US","@id":"https:\/\/www.hombach-kunststofftechnik.de\/en\/#\/schema\/logo\/image\/","url":"https:\/\/www.hombach-kunststofftechnik.de\/wp-content\/uploads\/Hombach_Logo_durchsichtig.svg","contentUrl":"https:\/\/www.hombach-kunststofftechnik.de\/wp-content\/uploads\/Hombach_Logo_durchsichtig.svg","width":100,"height":100,"caption":"Ernst Hombach GmbH & Co.KG"},"image":{"@id":"https:\/\/www.hombach-kunststofftechnik.de\/en\/#\/schema\/logo\/image\/"}}]}},"acf":[],"_links":{"self":[{"href":"https:\/\/www.hombach-kunststofftechnik.de\/en\/wp-json\/wp\/v2\/pages\/8293","targetHints":{"allow":["GET"]}}],"collection":[{"href":"https:\/\/www.hombach-kunststofftechnik.de\/en\/wp-json\/wp\/v2\/pages"}],"about":[{"href":"https:\/\/www.hombach-kunststofftechnik.de\/en\/wp-json\/wp\/v2\/types\/page"}],"author":[{"embeddable":true,"href":"https:\/\/www.hombach-kunststofftechnik.de\/en\/wp-json\/wp\/v2\/users\/2"}],"replies":[{"embeddable":true,"href":"https:\/\/www.hombach-kunststofftechnik.de\/en\/wp-json\/wp\/v2\/comments?post=8293"}],"version-history":[{"count":1,"href":"https:\/\/www.hombach-kunststofftechnik.de\/en\/wp-json\/wp\/v2\/pages\/8293\/revisions"}],"predecessor-version":[{"id":8294,"href":"https:\/\/www.hombach-kunststofftechnik.de\/en\/wp-json\/wp\/v2\/pages\/8293\/revisions\/8294"}],"up":[{"embeddable":true,"href":"https:\/\/www.hombach-kunststofftechnik.de\/en\/wp-json\/wp\/v2\/pages\/7966"}],"wp:attachment":[{"href":"https:\/\/www.hombach-kunststofftechnik.de\/en\/wp-json\/wp\/v2\/media?parent=8293"}],"curies":[{"name":"wp","href":"https:\/\/api.w.org\/{rel}","templated":true}]}}